{"id":484,"date":"2020-03-11T11:10:34","date_gmt":"2020-03-11T10:10:34","guid":{"rendered":"http:\/\/diapodicare.cz\/uvod\/?page_id=484"},"modified":"2024-01-25T15:55:38","modified_gmt":"2024-01-25T14:55:38","slug":"canisterapie","status":"publish","type":"page","link":"https:\/\/www.diapodicare.cz\/uvod\/canisterapie\/","title":{"rendered":"Canisterapie"},"content":{"rendered":"\t\t<div data-elementor-type=\"wp-page\" data-elementor-id=\"484\" class=\"elementor elementor-484\">\n\t\t\t\t\t\t<section class=\"elementor-section elementor-top-section elementor-element elementor-element-509e80f elementor-section-stretched elementor-section-full_width elementor-section-height-default elementor-section-height-default\" data-id=\"509e80f\" data-element_type=\"section\" data-e-type=\"section\" data-settings=\"{&quot;stretch_section&quot;:&quot;section-stretched&quot;}\">\n\t\t\t\t\t\t<div class=\"elementor-container elementor-column-gap-default\">\n\t\t\t\t\t<div class=\"elementor-column elementor-col-100 elementor-top-column elementor-element elementor-element-743714c\" data-id=\"743714c\" data-element_type=\"column\" data-e-type=\"column\">\n\t\t\t<div class=\"elementor-widget-wrap elementor-element-populated\">\n\t\t\t\t\t\t<div class=\"elementor-element elementor-element-a3d1673 elementor-widget-divider--view-line elementor-widget elementor-widget-divider\" data-id=\"a3d1673\" data-element_type=\"widget\" data-e-type=\"widget\" data-widget_type=\"divider.default\">\n\t\t\t\t<div class=\"elementor-widget-container\">\n\t\t\t\t\t\t\t<div class=\"elementor-divider\">\n\t\t\t<span class=\"elementor-divider-separator\">\n\t\t\t\t\t\t<\/span>\n\t\t<\/div>\n\t\t\t\t\t\t<\/div>\n\t\t\t\t<\/div>\n\t\t\t\t\t<\/div>\n\t\t<\/div>\n\t\t\t\t\t<\/div>\n\t\t<\/section>\n\t\t\t\t<section class=\"elementor-section elementor-top-section elementor-element elementor-element-8831103 elementor-section-boxed elementor-section-height-default elementor-section-height-default elementor-invisible\" data-id=\"8831103\" data-element_type=\"section\" data-e-type=\"section\" data-settings=\"{&quot;animation&quot;:&quot;fadeIn&quot;}\">\n\t\t\t\t\t\t<div class=\"elementor-container elementor-column-gap-default\">\n\t\t\t\t\t<div class=\"elementor-column elementor-col-100 elementor-top-column elementor-element elementor-element-6386222\" data-id=\"6386222\" data-element_type=\"column\" data-e-type=\"column\">\n\t\t\t<div class=\"elementor-widget-wrap elementor-element-populated\">\n\t\t\t\t\t\t<div class=\"elementor-element elementor-element-d3049f1 elementor-widget elementor-widget-heading\" data-id=\"d3049f1\" data-element_type=\"widget\" data-e-type=\"widget\" data-widget_type=\"heading.default\">\n\t\t\t\t<div class=\"elementor-widget-container\">\n\t\t\t\t\t<h3 class=\"elementor-heading-title elementor-size-default\">Canisterapie<\/h3>\t\t\t\t<\/div>\n\t\t\t\t<\/div>\n\t\t\t\t<div class=\"elementor-element elementor-element-81765bb elementor-widget elementor-widget-heading\" data-id=\"81765bb\" data-element_type=\"widget\" data-e-type=\"widget\" data-widget_type=\"heading.default\">\n\t\t\t\t<div class=\"elementor-widget-container\">\n\t\t\t\t\t<h2 class=\"elementor-heading-title elementor-size-default\">DiaPodi care s.r.o.<\/h2>\t\t\t\t<\/div>\n\t\t\t\t<\/div>\n\t\t\t\t<div class=\"elementor-element elementor-element-216d73f elementor-widget elementor-widget-spacer\" data-id=\"216d73f\" data-element_type=\"widget\" data-e-type=\"widget\" data-widget_type=\"spacer.default\">\n\t\t\t\t<div class=\"elementor-widget-container\">\n\t\t\t\t\t\t\t<div class=\"elementor-spacer\">\n\t\t\t<div class=\"elementor-spacer-inner\"><\/div>\n\t\t<\/div>\n\t\t\t\t\t\t<\/div>\n\t\t\t\t<\/div>\n\t\t\t\t\t<\/div>\n\t\t<\/div>\n\t\t\t\t\t<\/div>\n\t\t<\/section>\n\t\t\t\t<section class=\"elementor-section elementor-top-section elementor-element elementor-element-852e61e elementor-section-boxed elementor-section-height-default elementor-section-height-default\" data-id=\"852e61e\" data-element_type=\"section\" data-e-type=\"section\">\n\t\t\t\t\t\t<div class=\"elementor-container elementor-column-gap-default\">\n\t\t\t\t\t<div class=\"elementor-column elementor-col-100 elementor-top-column elementor-element elementor-element-631837f\" data-id=\"631837f\" data-element_type=\"column\" data-e-type=\"column\">\n\t\t\t<div class=\"elementor-widget-wrap elementor-element-populated\">\n\t\t\t\t\t\t<div class=\"elementor-element elementor-element-ad5ffed elementor-widget elementor-widget-text-editor\" data-id=\"ad5ffed\" data-element_type=\"widget\" data-e-type=\"widget\" data-widget_type=\"text-editor.default\">\n\t\t\t\t<div class=\"elementor-widget-container\">\n\t\t\t\t\t\t\t\t\t<p>Evita Minubul z\u00a0Kosova a jej\u00ed psovod Ad\u00e9la Holubov\u00e1 \u00fasp\u011b\u0161n\u011b slo\u017eily 8.7.2018 teoretick\u00e9 i praktick\u00e9 zkou\u0161ky zam\u011b\u0159en\u00e9 na specifick\u00e9 dovednosti canisterapeutick\u00e9ho t\u00fdmu a splnily tak podm\u00ednky pro z\u00edsk\u00e1n\u00ed osv\u011bd\u010den\u00ed canisterapeutick\u00e9ho t\u00fdmu. Pravideln\u011b doch\u00e1z\u00ed do r\u016fznorod\u00fdch zdravotnick\u00fdch za\u0159\u00edzen\u00ed se zam\u011b\u0159en\u00edm jak na seniory, d\u011bti, ale i ment\u00e1ln\u011b posti\u017een\u00e9 klienty.<\/p>\t\t\t\t\t\t\t\t<\/div>\n\t\t\t\t<\/div>\n\t\t\t\t<div class=\"elementor-element elementor-element-4f1d8ed elementor-widget elementor-widget-image\" data-id=\"4f1d8ed\" data-element_type=\"widget\" data-e-type=\"widget\" data-widget_type=\"image.default\">\n\t\t\t\t<div class=\"elementor-widget-container\">\n\t\t\t\t\t\t\t\t\t\t\t\t\t\t\t<img fetchpriority=\"high\" decoding=\"async\" width=\"726\" height=\"409\" src=\"https:\/\/www.diapodicare.cz\/wp-content\/uploads\/2020\/03\/image019.png\" class=\"attachment-large size-large wp-image-488\" alt=\"\" srcset=\"https:\/\/www.diapodicare.cz\/wp-content\/uploads\/2020\/03\/image019.png 726w, https:\/\/www.diapodicare.cz\/wp-content\/uploads\/2020\/03\/image019-300x169.png 300w, https:\/\/www.diapodicare.cz\/wp-content\/uploads\/2020\/03\/image019-230x130.png 230w, https:\/\/www.diapodicare.cz\/wp-content\/uploads\/2020\/03\/image019-350x197.png 350w, https:\/\/www.diapodicare.cz\/wp-content\/uploads\/2020\/03\/image019-480x270.png 480w\" sizes=\"(max-width: 726px) 100vw, 726px\" \/>\t\t\t\t\t\t\t\t\t\t\t\t\t\t\t<\/div>\n\t\t\t\t<\/div>\n\t\t\t\t<div class=\"elementor-element elementor-element-91b54ec elementor-widget elementor-widget-image\" data-id=\"91b54ec\" data-element_type=\"widget\" data-e-type=\"widget\" data-widget_type=\"image.default\">\n\t\t\t\t<div class=\"elementor-widget-container\">\n\t\t\t\t\t\t\t\t\t\t\t\t\t\t\t<img decoding=\"async\" width=\"463\" height=\"822\" src=\"https:\/\/www.diapodicare.cz\/wp-content\/uploads\/2020\/03\/image021.png\" class=\"attachment-large size-large wp-image-489\" alt=\"\" srcset=\"https:\/\/www.diapodicare.cz\/wp-content\/uploads\/2020\/03\/image021.png 463w, https:\/\/www.diapodicare.cz\/wp-content\/uploads\/2020\/03\/image021-169x300.png 169w, https:\/\/www.diapodicare.cz\/wp-content\/uploads\/2020\/03\/image021-230x408.png 230w, https:\/\/www.diapodicare.cz\/wp-content\/uploads\/2020\/03\/image021-350x621.png 350w\" sizes=\"(max-width: 463px) 100vw, 463px\" \/>\t\t\t\t\t\t\t\t\t\t\t\t\t\t\t<\/div>\n\t\t\t\t<\/div>\n\t\t\t\t<div class=\"elementor-element elementor-element-238cf9c elementor-widget elementor-widget-spacer\" data-id=\"238cf9c\" data-element_type=\"widget\" data-e-type=\"widget\" data-widget_type=\"spacer.default\">\n\t\t\t\t<div class=\"elementor-widget-container\">\n\t\t\t\t\t\t\t<div class=\"elementor-spacer\">\n\t\t\t<div class=\"elementor-spacer-inner\"><\/div>\n\t\t<\/div>\n\t\t\t\t\t\t<\/div>\n\t\t\t\t<\/div>\n\t\t\t\t<section class=\"elementor-section elementor-inner-section elementor-element elementor-element-40d461a elementor-section-boxed elementor-section-height-default elementor-section-height-default\" data-id=\"40d461a\" data-element_type=\"section\" data-e-type=\"section\">\n\t\t\t\t\t\t<div class=\"elementor-container elementor-column-gap-default\">\n\t\t\t\t\t<div class=\"elementor-column elementor-col-50 elementor-inner-column elementor-element elementor-element-b35bfb8\" data-id=\"b35bfb8\" data-element_type=\"column\" data-e-type=\"column\">\n\t\t\t<div class=\"elementor-widget-wrap elementor-element-populated\">\n\t\t\t\t\t\t<div class=\"elementor-element elementor-element-a5b6a81 elementor-widget elementor-widget-heading\" data-id=\"a5b6a81\" data-element_type=\"widget\" data-e-type=\"widget\" data-widget_type=\"heading.default\">\n\t\t\t\t<div class=\"elementor-widget-container\">\n\t\t\t\t\t<h4 class=\"elementor-heading-title elementor-size-default\">Ke sta\u017een\u00ed:<\/h4>\t\t\t\t<\/div>\n\t\t\t\t<\/div>\n\t\t\t\t<div class=\"elementor-element elementor-element-05a27ff elementor-widget elementor-widget-text-editor\" data-id=\"05a27ff\" data-element_type=\"widget\" data-e-type=\"widget\" data-widget_type=\"text-editor.default\">\n\t\t\t\t<div class=\"elementor-widget-container\">\n\t\t\t\t\t\t\t\t\t<ul><li><a href=\"http:\/\/diapodicare.cz\/wp-content\/uploads\/2022\/01\/Osvedceni2022.pdf\">Osv\u011bd\u010den\u00ed &#8211; canis t\u00fdm<\/a><\/li><\/ul>\t\t\t\t\t\t\t\t<\/div>\n\t\t\t\t<\/div>\n\t\t\t\t\t<\/div>\n\t\t<\/div>\n\t\t\t\t<div class=\"elementor-column elementor-col-50 elementor-inner-column elementor-element elementor-element-3e99eb6\" data-id=\"3e99eb6\" data-element_type=\"column\" data-e-type=\"column\">\n\t\t\t<div class=\"elementor-widget-wrap elementor-element-populated\">\n\t\t\t\t\t\t<div class=\"elementor-element elementor-element-a35123b elementor-widget elementor-widget-image\" data-id=\"a35123b\" data-element_type=\"widget\" data-e-type=\"widget\" data-widget_type=\"image.default\">\n\t\t\t\t<div class=\"elementor-widget-container\">\n\t\t\t\t\t\t\t\t\t\t\t\t\t\t\t<img decoding=\"async\" width=\"197\" height=\"183\" src=\"https:\/\/www.diapodicare.cz\/wp-content\/uploads\/2020\/03\/image023.jpg\" class=\"attachment-large size-large wp-image-487\" alt=\"\" \/>\t\t\t\t\t\t\t\t\t\t\t\t\t\t\t<\/div>\n\t\t\t\t<\/div>\n\t\t\t\t\t<\/div>\n\t\t<\/div>\n\t\t\t\t\t<\/div>\n\t\t<\/section>\n\t\t\t\t\t<\/div>\n\t\t<\/div>\n\t\t\t\t\t<\/div>\n\t\t<\/section>\n\t\t\t\t<section class=\"elementor-section elementor-top-section elementor-element elementor-element-93160a1 elementor-section-boxed elementor-section-height-default elementor-section-height-default\" data-id=\"93160a1\" data-element_type=\"section\" data-e-type=\"section\">\n\t\t\t\t\t\t<div class=\"elementor-container elementor-column-gap-default\">\n\t\t\t\t\t<div class=\"elementor-column elementor-col-100 elementor-top-column elementor-element elementor-element-3c8c863\" data-id=\"3c8c863\" data-element_type=\"column\" data-e-type=\"column\">\n\t\t\t<div class=\"elementor-widget-wrap elementor-element-populated\">\n\t\t\t\t\t\t<div class=\"elementor-element elementor-element-b001b4e elementor-widget elementor-widget-spacer\" data-id=\"b001b4e\" data-element_type=\"widget\" data-e-type=\"widget\" data-widget_type=\"spacer.default\">\n\t\t\t\t<div class=\"elementor-widget-container\">\n\t\t\t\t\t\t\t<div class=\"elementor-spacer\">\n\t\t\t<div class=\"elementor-spacer-inner\"><\/div>\n\t\t<\/div>\n\t\t\t\t\t\t<\/div>\n\t\t\t\t<\/div>\n\t\t\t\t\t<\/div>\n\t\t<\/div>\n\t\t\t\t\t<\/div>\n\t\t<\/section>\n\t\t\t\t<section class=\"elementor-section elementor-top-section elementor-element elementor-element-860db0f elementor-section-stretched elementor-section-full_width elementor-section-height-default elementor-section-height-default\" data-id=\"860db0f\" data-element_type=\"section\" data-e-type=\"section\" data-settings=\"{&quot;stretch_section&quot;:&quot;section-stretched&quot;,&quot;background_background&quot;:&quot;classic&quot;}\">\n\t\t\t\t\t\t<div class=\"elementor-container elementor-column-gap-default\">\n\t\t\t\t\t<div class=\"elementor-column elementor-col-100 elementor-top-column elementor-element elementor-element-7c395c4\" data-id=\"7c395c4\" data-element_type=\"column\" data-e-type=\"column\">\n\t\t\t<div class=\"elementor-widget-wrap elementor-element-populated\">\n\t\t\t\t\t\t<div class=\"elementor-element elementor-element-800bf0e elementor-widget elementor-widget-spacer\" data-id=\"800bf0e\" data-element_type=\"widget\" data-e-type=\"widget\" data-widget_type=\"spacer.default\">\n\t\t\t\t<div class=\"elementor-widget-container\">\n\t\t\t\t\t\t\t<div class=\"elementor-spacer\">\n\t\t\t<div class=\"elementor-spacer-inner\"><\/div>\n\t\t<\/div>\n\t\t\t\t\t\t<\/div>\n\t\t\t\t<\/div>\n\t\t\t\t<section class=\"elementor-section elementor-inner-section elementor-element elementor-element-dad434e elementor-section-boxed elementor-section-height-default elementor-section-height-default\" data-id=\"dad434e\" data-element_type=\"section\" data-e-type=\"section\">\n\t\t\t\t\t\t<div class=\"elementor-container elementor-column-gap-default\">\n\t\t\t\t\t<div class=\"elementor-column elementor-col-33 elementor-inner-column elementor-element elementor-element-f0cd0f3\" data-id=\"f0cd0f3\" data-element_type=\"column\" data-e-type=\"column\">\n\t\t\t<div class=\"elementor-widget-wrap elementor-element-populated\">\n\t\t\t\t\t\t<div class=\"elementor-element elementor-element-81549c9 elementor-widget elementor-widget-text-editor\" data-id=\"81549c9\" data-element_type=\"widget\" data-e-type=\"widget\" data-widget_type=\"text-editor.default\">\n\t\t\t\t<div class=\"elementor-widget-container\">\n\t\t\t\t\t\t\t\t\t<p><b>DiaPodi care s.r.o. <\/b><br \/>Diabetologick\u00e1 a podiatrick\u00e1 ambulance<b><br \/><\/b>Poliklinika Sob\u011bslav \u2013 1. patro<br \/>Petra Voka 159\/I<br \/>Sob\u011bslav 392 01<\/p>\t\t\t\t\t\t\t\t<\/div>\n\t\t\t\t<\/div>\n\t\t\t\t\t<\/div>\n\t\t<\/div>\n\t\t\t\t<div class=\"elementor-column elementor-col-33 elementor-inner-column elementor-element elementor-element-f88bf5e\" data-id=\"f88bf5e\" data-element_type=\"column\" data-e-type=\"column\">\n\t\t\t<div class=\"elementor-widget-wrap elementor-element-populated\">\n\t\t\t\t\t\t<div class=\"elementor-element elementor-element-4291fd9 elementor-widget elementor-widget-text-editor\" data-id=\"4291fd9\" data-element_type=\"widget\" data-e-type=\"widget\" data-widget_type=\"text-editor.default\">\n\t\t\t\t<div class=\"elementor-widget-container\">\n\t\t\t\t\t\t\t\t\t<p><b>Diabetologick\u00e1 ambulance:<\/b><br>Tel.: + 420 730 899 462<b><br><\/b><\/p>\n<p><b>Podiatrick\u00e1 ambulance:<\/b><br>Tel.: + 420 733 710 310<\/p>\t\t\t\t\t\t\t\t<\/div>\n\t\t\t\t<\/div>\n\t\t\t\t\t<\/div>\n\t\t<\/div>\n\t\t\t\t<div class=\"elementor-column elementor-col-33 elementor-inner-column elementor-element elementor-element-d2fcf1a\" data-id=\"d2fcf1a\" data-element_type=\"column\" data-e-type=\"column\">\n\t\t\t<div class=\"elementor-widget-wrap elementor-element-populated\">\n\t\t\t\t\t\t<div class=\"elementor-element elementor-element-c7131ec elementor-widget elementor-widget-text-editor\" data-id=\"c7131ec\" data-element_type=\"widget\" data-e-type=\"widget\" data-widget_type=\"text-editor.default\">\n\t\t\t\t<div class=\"elementor-widget-container\">\n\t\t\t\t\t\t\t\t\t<p><b>Ke sta\u017een\u00ed:<\/b><br \/><b><a href=\"https:\/\/www.diapodicare.cz\/wp-content\/uploads\/2024\/01\/processingreportforclient-k-30-11-2023.pdf\">Informace GDPR pro pacienty<\/a><br \/><\/b><\/p>\t\t\t\t\t\t\t\t<\/div>\n\t\t\t\t<\/div>\n\t\t\t\t\t<\/div>\n\t\t<\/div>\n\t\t\t\t\t<\/div>\n\t\t<\/section>\n\t\t\t\t<div class=\"elementor-element elementor-element-c5fa97d elementor-widget elementor-widget-spacer\" data-id=\"c5fa97d\" data-element_type=\"widget\" data-e-type=\"widget\" data-widget_type=\"spacer.default\">\n\t\t\t\t<div class=\"elementor-widget-container\">\n\t\t\t\t\t\t\t<div class=\"elementor-spacer\">\n\t\t\t<div class=\"elementor-spacer-inner\"><\/div>\n\t\t<\/div>\n\t\t\t\t\t\t<\/div>\n\t\t\t\t<\/div>\n\t\t\t\t\t<\/div>\n\t\t<\/div>\n\t\t\t\t\t<\/div>\n\t\t<\/section>\n\t\t\t\t<\/div>\n\t\t","protected":false},"excerpt":{"rendered":"<p>Canisterapie DiaPodi care s.r.o. Evita Minubul z\u00a0Kosova a jej\u00ed psovod Ad\u00e9la Holubov\u00e1 \u00fasp\u011b\u0161n\u011b slo\u017eily 8.7.2018 teoretick\u00e9 i praktick\u00e9 zkou\u0161ky zam\u011b\u0159en\u00e9 na specifick\u00e9 [&hellip;]<\/p>\n","protected":false},"author":1,"featured_media":0,"parent":0,"menu_order":0,"comment_status":"closed","ping_status":"closed","template":"elementor_header_footer","meta":{"footnotes":""},"class_list":["post-484","page","type-page","status-publish","hentry"],"_links":{"self":[{"href":"https:\/\/www.diapodicare.cz\/uvod\/wp-json\/wp\/v2\/pages\/484","targetHints":{"allow":["GET"]}}],"collection":[{"href":"https:\/\/www.diapodicare.cz\/uvod\/wp-json\/wp\/v2\/pages"}],"about":[{"href":"https:\/\/www.diapodicare.cz\/uvod\/wp-json\/wp\/v2\/types\/page"}],"author":[{"embeddable":true,"href":"https:\/\/www.diapodicare.cz\/uvod\/wp-json\/wp\/v2\/users\/1"}],"replies":[{"embeddable":true,"href":"https:\/\/www.diapodicare.cz\/uvod\/wp-json\/wp\/v2\/comments?post=484"}],"version-history":[{"count":27,"href":"https:\/\/www.diapodicare.cz\/uvod\/wp-json\/wp\/v2\/pages\/484\/revisions"}],"predecessor-version":[{"id":1581,"href":"https:\/\/www.diapodicare.cz\/uvod\/wp-json\/wp\/v2\/pages\/484\/revisions\/1581"}],"wp:attachment":[{"href":"https:\/\/www.diapodicare.cz\/uvod\/wp-json\/wp\/v2\/media?parent=484"}],"curies":[{"name":"wp","href":"https:\/\/api.w.org\/{rel}","templated":true}]}}