{"id":498,"date":"2020-03-12T09:19:59","date_gmt":"2020-03-12T08:19:59","guid":{"rendered":"http:\/\/diapodicare.cz\/uvod\/?page_id=498"},"modified":"2026-02-26T14:53:56","modified_gmt":"2026-02-26T13:53:56","slug":"postradiacni-dermatitidy","status":"publish","type":"page","link":"https:\/\/www.diapodicare.cz\/uvod\/postradiacni-dermatitidy\/","title":{"rendered":"Postradia\u010dn\u00ed dermatitidy"},"content":{"rendered":"\t\t<div data-elementor-type=\"wp-page\" data-elementor-id=\"498\" class=\"elementor elementor-498\">\n\t\t\t\t\t\t<section class=\"elementor-section elementor-top-section elementor-element elementor-element-0caf161 elementor-section-stretched elementor-section-full_width elementor-section-height-default elementor-section-height-default\" data-id=\"0caf161\" data-element_type=\"section\" data-e-type=\"section\" data-settings=\"{&quot;stretch_section&quot;:&quot;section-stretched&quot;}\">\n\t\t\t\t\t\t<div class=\"elementor-container elementor-column-gap-default\">\n\t\t\t\t\t<div class=\"elementor-column elementor-col-100 elementor-top-column elementor-element elementor-element-0a46b95\" data-id=\"0a46b95\" data-element_type=\"column\" data-e-type=\"column\">\n\t\t\t<div class=\"elementor-widget-wrap elementor-element-populated\">\n\t\t\t\t\t\t<div class=\"elementor-element elementor-element-04c88e3 elementor-widget-divider--view-line elementor-widget elementor-widget-divider\" data-id=\"04c88e3\" data-element_type=\"widget\" data-e-type=\"widget\" data-widget_type=\"divider.default\">\n\t\t\t\t<div class=\"elementor-widget-container\">\n\t\t\t\t\t\t\t<div class=\"elementor-divider\">\n\t\t\t<span class=\"elementor-divider-separator\">\n\t\t\t\t\t\t<\/span>\n\t\t<\/div>\n\t\t\t\t\t\t<\/div>\n\t\t\t\t<\/div>\n\t\t\t\t\t<\/div>\n\t\t<\/div>\n\t\t\t\t\t<\/div>\n\t\t<\/section>\n\t\t\t\t<section class=\"elementor-section elementor-top-section elementor-element elementor-element-7e50430 elementor-section-boxed elementor-section-height-default elementor-section-height-default elementor-invisible\" data-id=\"7e50430\" data-element_type=\"section\" data-e-type=\"section\" data-settings=\"{&quot;animation&quot;:&quot;fadeIn&quot;}\">\n\t\t\t\t\t\t<div class=\"elementor-container elementor-column-gap-default\">\n\t\t\t\t\t<div class=\"elementor-column elementor-col-100 elementor-top-column elementor-element elementor-element-6744f06\" data-id=\"6744f06\" data-element_type=\"column\" data-e-type=\"column\">\n\t\t\t<div class=\"elementor-widget-wrap elementor-element-populated\">\n\t\t\t\t\t\t<div class=\"elementor-element elementor-element-9489ccf elementor-widget elementor-widget-heading\" data-id=\"9489ccf\" data-element_type=\"widget\" data-e-type=\"widget\" data-widget_type=\"heading.default\">\n\t\t\t\t<div class=\"elementor-widget-container\">\n\t\t\t\t\t<h3 class=\"elementor-heading-title elementor-size-default\">Postradia\u010dn\u00ed dermatitidy<\/h3>\t\t\t\t<\/div>\n\t\t\t\t<\/div>\n\t\t\t\t<div class=\"elementor-element elementor-element-ee075d4 elementor-widget elementor-widget-heading\" data-id=\"ee075d4\" data-element_type=\"widget\" data-e-type=\"widget\" data-widget_type=\"heading.default\">\n\t\t\t\t<div class=\"elementor-widget-container\">\n\t\t\t\t\t<h2 class=\"elementor-heading-title elementor-size-default\">DiaPodi care s.r.o.<\/h2>\t\t\t\t<\/div>\n\t\t\t\t<\/div>\n\t\t\t\t<div class=\"elementor-element elementor-element-e11795f elementor-widget elementor-widget-spacer\" data-id=\"e11795f\" data-element_type=\"widget\" data-e-type=\"widget\" data-widget_type=\"spacer.default\">\n\t\t\t\t<div class=\"elementor-widget-container\">\n\t\t\t\t\t\t\t<div class=\"elementor-spacer\">\n\t\t\t<div class=\"elementor-spacer-inner\"><\/div>\n\t\t<\/div>\n\t\t\t\t\t\t<\/div>\n\t\t\t\t<\/div>\n\t\t\t\t\t<\/div>\n\t\t<\/div>\n\t\t\t\t\t<\/div>\n\t\t<\/section>\n\t\t\t\t<section class=\"elementor-section elementor-top-section elementor-element elementor-element-2c2ea90 elementor-section-boxed elementor-section-height-default elementor-section-height-default\" data-id=\"2c2ea90\" data-element_type=\"section\" data-e-type=\"section\">\n\t\t\t\t\t\t<div class=\"elementor-container elementor-column-gap-default\">\n\t\t\t\t\t<div class=\"elementor-column elementor-col-100 elementor-top-column elementor-element elementor-element-3635c71\" data-id=\"3635c71\" data-element_type=\"column\" data-e-type=\"column\">\n\t\t\t<div class=\"elementor-widget-wrap elementor-element-populated\">\n\t\t\t\t\t\t<div class=\"elementor-element elementor-element-863ff8c elementor-widget elementor-widget-text-editor\" data-id=\"863ff8c\" data-element_type=\"widget\" data-e-type=\"widget\" data-widget_type=\"text-editor.default\">\n\t\t\t\t<div class=\"elementor-widget-container\">\n\t\t\t\t\t\t\t\t\t<p><strong>PREVENCE KO\u017dN\u00cdCH ZM\u011aN PO OZA\u0158OV\u00c1N\u00cd U \u017dEN S N\u00c1DOROV\u00ddM ONEMOCN\u011aN\u00cdM PRSU<\/strong><\/p>\n<p>Podiatrick\u00e1 ambulance DiaPodi care s.r.o. prov\u00e1d\u00ed jako jedna z m\u00e1la specializovan\u00fdchambulanc\u00ed v \u010cesk\u00e9 republice prevenci postradi\u010dn\u00edch dermatitid (ko\u017en\u00edch zm\u011bn po oza\u0159ov\u00e1n\u00ed) u pacientek nejen s n\u00e1dorov\u00fdm onemocn\u011bn\u00edm prsu, a to za pomoc\u00ed aplikace speci\u00e1ln\u00edho, ochrann\u00e9ho, filmov\u00e9ho kryt\u00ed.Po\u010det \u017een s n\u00e1dorov\u00fdm onemocn\u011bn\u00edm prsu st\u00e1le stoup\u00e1. Sou\u010d\u00e1st\u00ed komplexn\u00ed l\u00e9\u010dby tohoto onemocn\u011bn\u00ed je i radioterapie. U v\u011bt\u0161iny \u017een se b\u011bhem \u010di po radioterapii objev\u00ed po\u0161kozen\u00ed k\u016f\u017ee. Uveden\u00e1 komplikace m\u016f\u017ee m\u00edt r\u016fzn\u00e9 stupn\u011b s odli\u0161n\u00fdmi projevy od eryt\u00e9mu (z\u010derven\u00e1n\u00ed) a\u017e po nekrotickou (odum\u0159elou) tk\u00e1\u0148 a rozs\u00e1hl\u00e9 defekty. Ne\u017e\u00e1douc\u00ed komplikace mohou b\u00fdt d\u016fvodem pro p\u0159eru\u0161en\u00ed radioterapeutick\u00e9 l\u00e9\u010dby, co\u017e s sebou nese dal\u0161\u00ed negativn\u00ed dopady na progn\u00f3zu pacienta. Proto by sou\u010d\u00e1st\u00ed pl\u00e1novan\u00e9 radioterapeutick\u00e9 l\u00e9\u010dby m\u011bla b\u00fdt tak\u00e9 rozvaha a pl\u00e1nov\u00e1n\u00ed intervenc\u00ed pro p\u0159edch\u00e1zen\u00ed postradia\u010dn\u00edch reakc\u00ed. Jako prevenci postradia\u010dn\u00ed dermatitidy je mo\u017en\u00e9 vyu\u017e\u00edt transparentn\u00ed f\u00f3liov\u00e9 kryt\u00ed s ov\u011b\u0159enou \u00fa\u010dinnost\u00ed, ji\u017e potvrzuj\u00ed mnoh\u00e9 klinick\u00e9 randomizovan\u00e9 studie, a kter\u00e9 nebr\u00e1n\u00ed v oza\u0159ov\u00e1n\u00ed. Je mo\u017en\u00e9 je nosit po celou dobu terapie a pokra\u010dovati 2-4 t\u00fddny po radioterapii, a to z d\u016fvodu prevence poran\u011bn\u00ed a ochrany k\u0159ehk\u00e9 k\u016f\u017ee se stykems oble\u010den\u00edm, vlhkosti \u010di t\u0159en\u00ed.<\/p>\t\t\t\t\t\t\t\t<\/div>\n\t\t\t\t<\/div>\n\t\t\t\t<div class=\"elementor-element elementor-element-9e148e3 elementor-widget elementor-widget-image\" data-id=\"9e148e3\" data-element_type=\"widget\" data-e-type=\"widget\" data-widget_type=\"image.default\">\n\t\t\t\t<div class=\"elementor-widget-container\">\n\t\t\t\t\t\t\t\t\t\t\t\t\t\t\t<img fetchpriority=\"high\" decoding=\"async\" width=\"883\" height=\"478\" src=\"https:\/\/www.diapodicare.cz\/wp-content\/uploads\/2020\/03\/image013.png\" class=\"attachment-large size-large wp-image-459\" alt=\"\" srcset=\"https:\/\/www.diapodicare.cz\/wp-content\/uploads\/2020\/03\/image013.png 883w, https:\/\/www.diapodicare.cz\/wp-content\/uploads\/2020\/03\/image013-300x162.png 300w, https:\/\/www.diapodicare.cz\/wp-content\/uploads\/2020\/03\/image013-768x416.png 768w, https:\/\/www.diapodicare.cz\/wp-content\/uploads\/2020\/03\/image013-830x449.png 830w, https:\/\/www.diapodicare.cz\/wp-content\/uploads\/2020\/03\/image013-230x125.png 230w, https:\/\/www.diapodicare.cz\/wp-content\/uploads\/2020\/03\/image013-350x189.png 350w, https:\/\/www.diapodicare.cz\/wp-content\/uploads\/2020\/03\/image013-480x260.png 480w\" sizes=\"(max-width: 883px) 100vw, 883px\" \/>\t\t\t\t\t\t\t\t\t\t\t\t\t\t\t<\/div>\n\t\t\t\t<\/div>\n\t\t\t\t<div class=\"elementor-element elementor-element-7311876 elementor-widget elementor-widget-text-editor\" data-id=\"7311876\" data-element_type=\"widget\" data-e-type=\"widget\" data-widget_type=\"text-editor.default\">\n\t\t\t\t<div class=\"elementor-widget-container\">\n\t\t\t\t\t\t\t\t\t<p>Obr. \u010d. 1 \u2013 Aplikace Mepitel<sup>\u00ae<\/sup>Film na prav\u00fd prs (stav prsu a okoln\u00edch tk\u00e1n\u00ed p\u0159ed 1. frakc\u00ed z\u00e1\u0159en\u00ed) (foto archiv DiaPodi care s.r.o)<\/p>\t\t\t\t\t\t\t\t<\/div>\n\t\t\t\t<\/div>\n\t\t\t\t<div class=\"elementor-element elementor-element-b54dd3a elementor-widget elementor-widget-image\" data-id=\"b54dd3a\" data-element_type=\"widget\" data-e-type=\"widget\" data-widget_type=\"image.default\">\n\t\t\t\t<div class=\"elementor-widget-container\">\n\t\t\t\t\t\t\t\t\t\t\t\t\t\t\t<img decoding=\"async\" width=\"884\" height=\"479\" src=\"https:\/\/www.diapodicare.cz\/wp-content\/uploads\/2020\/03\/image015.png\" class=\"attachment-large size-large wp-image-460\" alt=\"\" srcset=\"https:\/\/www.diapodicare.cz\/wp-content\/uploads\/2020\/03\/image015.png 884w, https:\/\/www.diapodicare.cz\/wp-content\/uploads\/2020\/03\/image015-300x163.png 300w, https:\/\/www.diapodicare.cz\/wp-content\/uploads\/2020\/03\/image015-768x416.png 768w, https:\/\/www.diapodicare.cz\/wp-content\/uploads\/2020\/03\/image015-830x450.png 830w, https:\/\/www.diapodicare.cz\/wp-content\/uploads\/2020\/03\/image015-230x125.png 230w, https:\/\/www.diapodicare.cz\/wp-content\/uploads\/2020\/03\/image015-350x190.png 350w, https:\/\/www.diapodicare.cz\/wp-content\/uploads\/2020\/03\/image015-480x260.png 480w\" sizes=\"(max-width: 884px) 100vw, 884px\" \/>\t\t\t\t\t\t\t\t\t\t\t\t\t\t\t<\/div>\n\t\t\t\t<\/div>\n\t\t\t\t<div class=\"elementor-element elementor-element-f5c4f34 elementor-widget elementor-widget-text-editor\" data-id=\"f5c4f34\" data-element_type=\"widget\" data-e-type=\"widget\" data-widget_type=\"text-editor.default\">\n\t\t\t\t<div class=\"elementor-widget-container\">\n\t\t\t\t\t\t\t\t\t<p class=\"Standard\"><span style=\"font-family: 'Arial','sans-serif';\">Obr. \u010d. 2 \u2013 Uk\u00e1zka schopnosti kryt\u00ed p\u0159izp\u016fsobit se tvaru t\u011bla \u2013 Mepitel<sup>\u00ae<\/sup> Film (foto archiv DiaPodi care s.r.o)<\/span><\/p>\t\t\t\t\t\t\t\t<\/div>\n\t\t\t\t<\/div>\n\t\t\t\t<div class=\"elementor-element elementor-element-48b8456 elementor-widget elementor-widget-image\" data-id=\"48b8456\" data-element_type=\"widget\" data-e-type=\"widget\" data-widget_type=\"image.default\">\n\t\t\t\t<div class=\"elementor-widget-container\">\n\t\t\t\t\t\t\t\t\t\t\t\t\t\t\t<img decoding=\"async\" width=\"972\" height=\"547\" src=\"https:\/\/www.diapodicare.cz\/wp-content\/uploads\/2020\/03\/image017.png\" class=\"attachment-large size-large wp-image-461\" alt=\"\" srcset=\"https:\/\/www.diapodicare.cz\/wp-content\/uploads\/2020\/03\/image017.png 972w, https:\/\/www.diapodicare.cz\/wp-content\/uploads\/2020\/03\/image017-300x169.png 300w, https:\/\/www.diapodicare.cz\/wp-content\/uploads\/2020\/03\/image017-768x432.png 768w, https:\/\/www.diapodicare.cz\/wp-content\/uploads\/2020\/03\/image017-830x467.png 830w, https:\/\/www.diapodicare.cz\/wp-content\/uploads\/2020\/03\/image017-230x129.png 230w, https:\/\/www.diapodicare.cz\/wp-content\/uploads\/2020\/03\/image017-350x197.png 350w, https:\/\/www.diapodicare.cz\/wp-content\/uploads\/2020\/03\/image017-480x270.png 480w\" sizes=\"(max-width: 972px) 100vw, 972px\" \/>\t\t\t\t\t\t\t\t\t\t\t\t\t\t\t<\/div>\n\t\t\t\t<\/div>\n\t\t\t\t<div class=\"elementor-element elementor-element-fc1ea04 elementor-widget elementor-widget-text-editor\" data-id=\"fc1ea04\" data-element_type=\"widget\" data-e-type=\"widget\" data-widget_type=\"text-editor.default\">\n\t\t\t\t<div class=\"elementor-widget-container\">\n\t\t\t\t\t\t\t\t\t<p class=\"Standard\"><span style=\"font-family: 'Arial','sans-serif';\">Obr. \u010d. 3 &#8211; Vzhled prsu a okoln\u00edch tk\u00e1n\u00ed po 25. frakci z\u00e1\u0159en\u00ed\u2013 (foto archiv DiaPodi care s.r.o)<\/span><\/p>\t\t\t\t\t\t\t\t<\/div>\n\t\t\t\t<\/div>\n\t\t\t\t\t<\/div>\n\t\t<\/div>\n\t\t\t\t\t<\/div>\n\t\t<\/section>\n\t\t\t\t<section class=\"elementor-section elementor-top-section elementor-element elementor-element-cc50946 elementor-section-boxed elementor-section-height-default elementor-section-height-default\" data-id=\"cc50946\" data-element_type=\"section\" data-e-type=\"section\">\n\t\t\t\t\t\t<div class=\"elementor-container elementor-column-gap-default\">\n\t\t\t\t\t<div class=\"elementor-column elementor-col-100 elementor-top-column elementor-element elementor-element-541e5b1\" data-id=\"541e5b1\" data-element_type=\"column\" data-e-type=\"column\">\n\t\t\t<div class=\"elementor-widget-wrap elementor-element-populated\">\n\t\t\t\t\t\t<div class=\"elementor-element elementor-element-1d89ec5 elementor-widget elementor-widget-text-editor\" data-id=\"1d89ec5\" data-element_type=\"widget\" data-e-type=\"widget\" data-widget_type=\"text-editor.default\">\n\t\t\t\t<div class=\"elementor-widget-container\">\n\t\t\t\t\t\t\t\t\t<p><strong>Pokyny pro pacienty:<\/strong><\/p><ul><li>Na prvn\u00ed vy\u0161et\u0159en\u00ed\/o\u0161et\u0159en\u00ed si pacient mus\u00ed s\u00a0sebou vz\u00edt rodinn\u00e9ho p\u0159\u00edslu\u0161n\u00edka \u010di osobu bl\u00edzkou. Tato osoba se bude b\u011bhem vy\u0161et\u0159en\u00ed u\u010dit aplikovat ochrann\u00e9 folie<\/li><li>Pro spr\u00e1vnou aplikaci a dal\u0161\u00ed pr\u016fb\u011bh l\u00e9\u010dby je d\u016fle\u017eit\u00e9, aby pacient nav\u0161t\u00edvil ambulanci po \u201ezakreslen\u00ed\u201c m\u00edsta oza\u0159ov\u00e1n\u00ed a p\u0159ed zah\u00e1jen\u00edm prvn\u00ed radioterapie<\/li><\/ul><p><strong>\u00a0<\/strong><\/p><p><strong>Upozorn\u011bn\u00ed: <\/strong>Toto vy\u0161et\u0159en\u00ed\/o\u0161et\u0159en\u00ed nen\u00ed hrazeno ze zdravotnick\u00e9ho poji\u0161t\u011bn\u00ed, tud\u00ed\u017e je pln\u011b hrazen\u00e9 pacientem. Vstupn\u00ed vy\u0161et\u0159en\u00ed (prvn\u00ed vy\u0161et\u0159en\u00ed) \u2013 1000,- K\u010d, dal\u0161\u00ed, kontroln\u00ed vy\u0161et\u0159en\u00ed \u2013 500 ,- K\u010d.\u00a0<\/p><p><strong>Pe\u010duj\u00ed o V\u00e1s:<\/strong><\/p><p>MUDr. Lucie Chlup\u00e1\u010dov\u00e1, MBA &#8211; diabetolog, podiatr<\/p><p>PhDr. Ad\u00e9la Holubov\u00e1, Ph.D., MBA, MSc\u00a0 &#8211; specialistka na hojen\u00ed ran<\/p>\t\t\t\t\t\t\t\t<\/div>\n\t\t\t\t<\/div>\n\t\t\t\t\t<\/div>\n\t\t<\/div>\n\t\t\t\t\t<\/div>\n\t\t<\/section>\n\t\t\t\t<section class=\"elementor-section elementor-top-section elementor-element elementor-element-fa0eded elementor-section-boxed elementor-section-height-default elementor-section-height-default\" data-id=\"fa0eded\" data-element_type=\"section\" data-e-type=\"section\">\n\t\t\t\t\t\t<div class=\"elementor-container elementor-column-gap-default\">\n\t\t\t\t\t<div class=\"elementor-column elementor-col-100 elementor-top-column elementor-element elementor-element-24b4c2a\" data-id=\"24b4c2a\" data-element_type=\"column\" data-e-type=\"column\">\n\t\t\t<div class=\"elementor-widget-wrap elementor-element-populated\">\n\t\t\t\t\t\t<div class=\"elementor-element elementor-element-d8998ab elementor-widget elementor-widget-spacer\" data-id=\"d8998ab\" data-element_type=\"widget\" data-e-type=\"widget\" data-widget_type=\"spacer.default\">\n\t\t\t\t<div class=\"elementor-widget-container\">\n\t\t\t\t\t\t\t<div class=\"elementor-spacer\">\n\t\t\t<div class=\"elementor-spacer-inner\"><\/div>\n\t\t<\/div>\n\t\t\t\t\t\t<\/div>\n\t\t\t\t<\/div>\n\t\t\t\t<div class=\"elementor-element elementor-element-0e2bebc elementor-widget elementor-widget-heading\" data-id=\"0e2bebc\" data-element_type=\"widget\" data-e-type=\"widget\" data-widget_type=\"heading.default\">\n\t\t\t\t<div class=\"elementor-widget-container\">\n\t\t\t\t\t<h4 class=\"elementor-heading-title elementor-size-default\">Ordina\u010dn\u00ed hodiny:<\/h4>\t\t\t\t<\/div>\n\t\t\t\t<\/div>\n\t\t\t\t<div class=\"elementor-element elementor-element-d436101 elementor-widget__width-inherit elementor-widget elementor-widget-shortcode\" data-id=\"d436101\" data-element_type=\"widget\" data-e-type=\"widget\" data-widget_type=\"shortcode.default\">\n\t\t\t\t<div class=\"elementor-widget-container\">\n\t\t\t\t\t\t\t<div class=\"elementor-shortcode\">\n<table id=\"tablepress-1\" class=\"tablepress tablepress-id-1\">\n<tbody class=\"row-striping row-hover\">\n<tr class=\"row-1\">\n\t<td class=\"column-1\">Pond\u011bl\u00ed<\/td><td class=\"column-2\">7:00 - 11:30<\/td><td class=\"column-3\">12:30 - 14:00<\/td>\n<\/tr>\n<tr class=\"row-2\">\n\t<td class=\"column-1\">\u00dater\u00fd<\/td><td class=\"column-2\">7:00 - 11:30<\/td><td class=\"column-3\">12:30 - 16:00<\/td>\n<\/tr>\n<tr class=\"row-3\">\n\t<td class=\"column-1\">St\u0159eda<\/td><td class=\"column-2\">7:00 - 11:30<\/td><td class=\"column-3\">12:30 - 14:00<\/td>\n<\/tr>\n<tr class=\"row-4\">\n\t<td class=\"column-1\">\u010ctvrtek<\/td><td class=\"column-2\">7:00 - 11:30<\/td><td class=\"column-3\">12:30 - 14:00<\/td>\n<\/tr>\n<tr class=\"row-5\">\n\t<td class=\"column-1\">P\u00e1tek<\/td><td class=\"column-2\">7:00 - 12:00<\/td><td class=\"column-3\"><\/td>\n<\/tr>\n<\/tbody>\n<\/table>\n<!-- #tablepress-1 from cache --><\/div>\n\t\t\t\t\t\t<\/div>\n\t\t\t\t<\/div>\n\t\t\t\t\t<\/div>\n\t\t<\/div>\n\t\t\t\t\t<\/div>\n\t\t<\/section>\n\t\t\t\t<section class=\"elementor-section elementor-top-section elementor-element elementor-element-461c091 elementor-section-boxed elementor-section-height-default elementor-section-height-default\" data-id=\"461c091\" data-element_type=\"section\" data-e-type=\"section\">\n\t\t\t\t\t\t<div class=\"elementor-container elementor-column-gap-default\">\n\t\t\t\t\t<div class=\"elementor-column elementor-col-100 elementor-top-column elementor-element elementor-element-997ff96\" data-id=\"997ff96\" data-element_type=\"column\" data-e-type=\"column\">\n\t\t\t<div class=\"elementor-widget-wrap elementor-element-populated\">\n\t\t\t\t\t\t<div class=\"elementor-element elementor-element-c9e9e3a elementor-widget elementor-widget-spacer\" data-id=\"c9e9e3a\" data-element_type=\"widget\" data-e-type=\"widget\" data-widget_type=\"spacer.default\">\n\t\t\t\t<div class=\"elementor-widget-container\">\n\t\t\t\t\t\t\t<div class=\"elementor-spacer\">\n\t\t\t<div class=\"elementor-spacer-inner\"><\/div>\n\t\t<\/div>\n\t\t\t\t\t\t<\/div>\n\t\t\t\t<\/div>\n\t\t\t\t\t<\/div>\n\t\t<\/div>\n\t\t\t\t\t<\/div>\n\t\t<\/section>\n\t\t\t\t<section class=\"elementor-section elementor-top-section elementor-element elementor-element-a9f52af elementor-section-stretched elementor-section-full_width elementor-section-height-default elementor-section-height-default\" data-id=\"a9f52af\" data-element_type=\"section\" data-e-type=\"section\" data-settings=\"{&quot;stretch_section&quot;:&quot;section-stretched&quot;,&quot;background_background&quot;:&quot;classic&quot;}\">\n\t\t\t\t\t\t<div class=\"elementor-container elementor-column-gap-default\">\n\t\t\t\t\t<div class=\"elementor-column elementor-col-100 elementor-top-column elementor-element elementor-element-d69d10f\" data-id=\"d69d10f\" data-element_type=\"column\" data-e-type=\"column\">\n\t\t\t<div class=\"elementor-widget-wrap elementor-element-populated\">\n\t\t\t\t\t\t<div class=\"elementor-element elementor-element-01bd134 elementor-widget elementor-widget-spacer\" data-id=\"01bd134\" data-element_type=\"widget\" data-e-type=\"widget\" data-widget_type=\"spacer.default\">\n\t\t\t\t<div class=\"elementor-widget-container\">\n\t\t\t\t\t\t\t<div class=\"elementor-spacer\">\n\t\t\t<div class=\"elementor-spacer-inner\"><\/div>\n\t\t<\/div>\n\t\t\t\t\t\t<\/div>\n\t\t\t\t<\/div>\n\t\t\t\t<section class=\"elementor-section elementor-inner-section elementor-element elementor-element-b444923 elementor-section-boxed elementor-section-height-default elementor-section-height-default\" data-id=\"b444923\" data-element_type=\"section\" data-e-type=\"section\">\n\t\t\t\t\t\t<div class=\"elementor-container elementor-column-gap-default\">\n\t\t\t\t\t<div class=\"elementor-column elementor-col-33 elementor-inner-column elementor-element elementor-element-0ffc596\" data-id=\"0ffc596\" data-element_type=\"column\" data-e-type=\"column\">\n\t\t\t<div class=\"elementor-widget-wrap elementor-element-populated\">\n\t\t\t\t\t\t<div class=\"elementor-element elementor-element-79175e1 elementor-widget elementor-widget-text-editor\" data-id=\"79175e1\" data-element_type=\"widget\" data-e-type=\"widget\" data-widget_type=\"text-editor.default\">\n\t\t\t\t<div class=\"elementor-widget-container\">\n\t\t\t\t\t\t\t\t\t<p><b>DiaPodi care s.r.o. <\/b><br \/>Diabetologick\u00e1 a podiatrick\u00e1 ambulance<b><br \/><\/b>Poliklinika Sob\u011bslav \u2013 1. patro<br \/>Petra Voka 159\/I<br \/>Sob\u011bslav 392 01<\/p>\t\t\t\t\t\t\t\t<\/div>\n\t\t\t\t<\/div>\n\t\t\t\t\t<\/div>\n\t\t<\/div>\n\t\t\t\t<div class=\"elementor-column elementor-col-33 elementor-inner-column elementor-element elementor-element-ba06559\" data-id=\"ba06559\" data-element_type=\"column\" data-e-type=\"column\">\n\t\t\t<div class=\"elementor-widget-wrap elementor-element-populated\">\n\t\t\t\t\t\t<div class=\"elementor-element elementor-element-2b2a49b elementor-widget elementor-widget-text-editor\" data-id=\"2b2a49b\" data-element_type=\"widget\" data-e-type=\"widget\" data-widget_type=\"text-editor.default\">\n\t\t\t\t<div class=\"elementor-widget-container\">\n\t\t\t\t\t\t\t\t\t<p><b>Diabetologick\u00e1 ambulance:<\/b><br>Tel.: + 420 730 899 462<b><br><\/b><\/p>\n<p><b>Podiatrick\u00e1 ambulance:<\/b><br>Tel.: + 420 733 710 310<\/p>\t\t\t\t\t\t\t\t<\/div>\n\t\t\t\t<\/div>\n\t\t\t\t\t<\/div>\n\t\t<\/div>\n\t\t\t\t<div class=\"elementor-column elementor-col-33 elementor-inner-column elementor-element elementor-element-26b80c9\" data-id=\"26b80c9\" data-element_type=\"column\" data-e-type=\"column\">\n\t\t\t<div class=\"elementor-widget-wrap elementor-element-populated\">\n\t\t\t\t\t\t<div class=\"elementor-element elementor-element-92d550a elementor-widget elementor-widget-text-editor\" data-id=\"92d550a\" data-element_type=\"widget\" data-e-type=\"widget\" data-widget_type=\"text-editor.default\">\n\t\t\t\t<div class=\"elementor-widget-container\">\n\t\t\t\t\t\t\t\t\t<p><b>Ke sta\u017een\u00ed:<\/b><br \/><b><a href=\"https:\/\/www.diapodicare.cz\/wp-content\/uploads\/2024\/01\/processingreportforclient-k-30-11-2023.pdf\">Informace GDPR pro pacienty<\/a><br \/><\/b><\/p>\t\t\t\t\t\t\t\t<\/div>\n\t\t\t\t<\/div>\n\t\t\t\t\t<\/div>\n\t\t<\/div>\n\t\t\t\t\t<\/div>\n\t\t<\/section>\n\t\t\t\t<div class=\"elementor-element elementor-element-bd9c1a8 elementor-widget elementor-widget-spacer\" data-id=\"bd9c1a8\" data-element_type=\"widget\" data-e-type=\"widget\" data-widget_type=\"spacer.default\">\n\t\t\t\t<div class=\"elementor-widget-container\">\n\t\t\t\t\t\t\t<div class=\"elementor-spacer\">\n\t\t\t<div class=\"elementor-spacer-inner\"><\/div>\n\t\t<\/div>\n\t\t\t\t\t\t<\/div>\n\t\t\t\t<\/div>\n\t\t\t\t\t<\/div>\n\t\t<\/div>\n\t\t\t\t\t<\/div>\n\t\t<\/section>\n\t\t\t\t<\/div>\n\t\t","protected":false},"excerpt":{"rendered":"<p>Postradia\u010dn\u00ed dermatitidy DiaPodi care s.r.o. PREVENCE KO\u017dN\u00cdCH ZM\u011aN PO OZA\u0158OV\u00c1N\u00cd U \u017dEN S N\u00c1DOROV\u00ddM ONEMOCN\u011aN\u00cdM PRSU Podiatrick\u00e1 ambulance DiaPodi care s.r.o. prov\u00e1d\u00ed [&hellip;]<\/p>\n","protected":false},"author":1,"featured_media":0,"parent":0,"menu_order":0,"comment_status":"closed","ping_status":"closed","template":"elementor_header_footer","meta":{"footnotes":""},"class_list":["post-498","page","type-page","status-publish","hentry"],"_links":{"self":[{"href":"https:\/\/www.diapodicare.cz\/uvod\/wp-json\/wp\/v2\/pages\/498","targetHints":{"allow":["GET"]}}],"collection":[{"href":"https:\/\/www.diapodicare.cz\/uvod\/wp-json\/wp\/v2\/pages"}],"about":[{"href":"https:\/\/www.diapodicare.cz\/uvod\/wp-json\/wp\/v2\/types\/page"}],"author":[{"embeddable":true,"href":"https:\/\/www.diapodicare.cz\/uvod\/wp-json\/wp\/v2\/users\/1"}],"replies":[{"embeddable":true,"href":"https:\/\/www.diapodicare.cz\/uvod\/wp-json\/wp\/v2\/comments?post=498"}],"version-history":[{"count":30,"href":"https:\/\/www.diapodicare.cz\/uvod\/wp-json\/wp\/v2\/pages\/498\/revisions"}],"predecessor-version":[{"id":1746,"href":"https:\/\/www.diapodicare.cz\/uvod\/wp-json\/wp\/v2\/pages\/498\/revisions\/1746"}],"wp:attachment":[{"href":"https:\/\/www.diapodicare.cz\/uvod\/wp-json\/wp\/v2\/media?parent=498"}],"curies":[{"name":"wp","href":"https:\/\/api.w.org\/{rel}","templated":true}]}}